{"id":6899,"date":"2023-01-23T11:08:19","date_gmt":"2023-01-23T11:08:19","guid":{"rendered":"https:\/\/www.onallarinsaat.com.tr\/en\/?page_id=6899"},"modified":"2023-06-22T06:36:18","modified_gmt":"2023-06-22T06:36:18","slug":"iletisim","status":"publish","type":"page","link":"https:\/\/www.onallarinsaat.com.tr\/en\/contact\/","title":{"rendered":"Contact"},"content":{"rendered":"\t\t<div data-elementor-type=\"wp-page\" data-elementor-id=\"6899\" class=\"elementor elementor-6899\">\n\t\t\t\t\t\t\t\t\t<section class=\"elementor-section elementor-top-section elementor-element elementor-element-3359edc elementor-section-boxed elementor-section-height-default elementor-section-height-default\" data-id=\"3359edc\" data-element_type=\"section\">\n\t\t\t\t\t\t<div class=\"elementor-container elementor-column-gap-default\">\n\t\t\t\t\t<div class=\"elementor-column elementor-col-50 elementor-top-column elementor-element elementor-element-08bdc46\" data-id=\"08bdc46\" data-element_type=\"column\">\n\t\t\t<div class=\"elementor-widget-wrap elementor-element-populated\">\n\t\t\t\t\t\t\t\t<div class=\"elementor-element elementor-element-a0ccef1 tayta-accordion-style-01 elementor-widget elementor-widget-yolo-accordion\" data-id=\"a0ccef1\" data-element_type=\"widget\" data-settings=\"{&quot;active_first_item&quot;:&quot;1&quot;}\" data-widget_type=\"yolo-accordion.default\">\n\t\t\t\t<div class=\"elementor-widget-container\">\n\t\t\t\t\t<div class=\"tayta-accordion\">\n\t\t\t\t\t\t\t<div class=\"accordion-section active\">\n\t\t\t\t\t<div class=\"accordion-header\">\n\t\t\t\t\t\t<div class=\"accordion-title-wrapper\">\n\t\t\t\t\t\t\t<h6 class=\"accordion-title\">Headquarters Giresun Sales Office<\/h6>\t\t\t\t\t\t<\/div>\n\t\t\t\t\t\t\t\t\t\t\t\t\t<div class=\"accordion-icons\">\n\t\t\t\t\t\t\t\t<span\n\t\t\t\t\t\t\t\t\tclass=\"accordion-icon opened-icon\"><i class=\"fal fa-plus\"><\/i><\/span>\n\t\t\t\t\t\t\t\t<span\n\t\t\t\t\t\t\t\t\tclass=\"accordion-icon closed-icon\"><i class=\"fal fa-minus\"><\/i><\/span>\n\t\t\t\t\t\t\t<\/div>\n\t\t\t\t\t\t\t\t\t\t\t<\/div>\n\t\t\t\t\t<div class=\"accordion-content\">\n\t\t\t\t\t\t<div class=\"sube_detail\"><p><i class=\"fal fa-map-marker-alt\" aria-hidden=\"true\"><\/i>\u00a0Hac\u0131 Miktat Mah. Alparslan Cad. \u00c7ayano\u011flu \u0130\u015f Han\u0131 No:19 Kat:4 Merkez, Giresun<\/p><p><a href=\"tel:4442811\"><i class=\"fal fa-phone\" aria-hidden=\"true\"><\/i>444 28 11<\/a><\/p><p><a href=\"mailto:info@onallarinsaat.com.tr\"><i class=\"fal fa-envelope\" aria-hidden=\"true\"><\/i>info@onallarinsaat.com.tr<\/a><\/p><\/div>\t\t\t\t\t<\/div>\n\t\t\t\t<\/div>\n\t\t\t\t\t\t\t<div class=\"accordion-section\">\n\t\t\t\t\t<div class=\"accordion-header\">\n\t\t\t\t\t\t<div class=\"accordion-title-wrapper\">\n\t\t\t\t\t\t\t<h6 class=\"accordion-title\">Espiye Sales Office<\/h6>\t\t\t\t\t\t<\/div>\n\t\t\t\t\t\t\t\t\t\t\t\t\t<div class=\"accordion-icons\">\n\t\t\t\t\t\t\t\t<span\n\t\t\t\t\t\t\t\t\tclass=\"accordion-icon opened-icon\"><i class=\"fal fa-plus\"><\/i><\/span>\n\t\t\t\t\t\t\t\t<span\n\t\t\t\t\t\t\t\t\tclass=\"accordion-icon closed-icon\"><i class=\"fal fa-minus\"><\/i><\/span>\n\t\t\t\t\t\t\t<\/div>\n\t\t\t\t\t\t\t\t\t\t\t<\/div>\n\t\t\t\t\t<div class=\"accordion-content\">\n\t\t\t\t\t\t<div class=\"sube_detail\" style=\"display: block;\"><p><i class=\"fal fa-map-marker-alt\" aria-hidden=\"true\"><\/i>\u00a0Merkez Mah. Gazi M.Kemal Cad. No:109 Espiye,Giresun<\/p><p><a href=\"tel:4442811\"><i class=\"fal fa-phone\" aria-hidden=\"true\"><\/i>444 28 11<\/a><\/p><p><a href=\"mailto:info@onallarinsaat.com.tr\"><i class=\"fal fa-envelope\" aria-hidden=\"true\"><\/i>espiye.satis@onallarinsaat.com.tr<\/a><\/p><\/div>\t\t\t\t\t<\/div>\n\t\t\t\t<\/div>\n\t\t\t\t\t\t\t<div class=\"accordion-section\">\n\t\t\t\t\t<div class=\"accordion-header\">\n\t\t\t\t\t\t<div class=\"accordion-title-wrapper\">\n\t\t\t\t\t\t\t<h6 class=\"accordion-title\">Bodrum Sales Office<\/h6>\t\t\t\t\t\t<\/div>\n\t\t\t\t\t\t\t\t\t\t\t\t\t<div class=\"accordion-icons\">\n\t\t\t\t\t\t\t\t<span\n\t\t\t\t\t\t\t\t\tclass=\"accordion-icon opened-icon\"><i class=\"fal fa-plus\"><\/i><\/span>\n\t\t\t\t\t\t\t\t<span\n\t\t\t\t\t\t\t\t\tclass=\"accordion-icon closed-icon\"><i class=\"fal fa-minus\"><\/i><\/span>\n\t\t\t\t\t\t\t<\/div>\n\t\t\t\t\t\t\t\t\t\t\t<\/div>\n\t\t\t\t\t<div class=\"accordion-content\">\n\t\t\t\t\t\t<div class=\"sube_detail\" style=\"display: block;\"><p><i class=\"fal fa-map-marker-alt\" aria-hidden=\"true\"><\/i>\u00a0M\u00fcskebi Mah. Kapuz Cad. No:17\/1 Ortakent,Bodrum,Mu\u011fla<\/p><p><a href=\"tel:4442811\"><i class=\"fal fa-phone\" aria-hidden=\"true\"><\/i>444 28 11<\/a><\/p><p><a href=\"mailto:info@onallarinsaat.com.tr\"><i class=\"fal fa-envelope\" aria-hidden=\"true\"><\/i>bodrum.satis@onallarinsaat.com.tr<\/a><\/p><\/div>\t\t\t\t\t<\/div>\n\t\t\t\t<\/div>\n\t\t\t\t\t\t\t<div class=\"accordion-section\">\n\t\t\t\t\t<div class=\"accordion-header\">\n\t\t\t\t\t\t<div class=\"accordion-title-wrapper\">\n\t\t\t\t\t\t\t<h6 class=\"accordion-title\">\u0130stanbul Sales Office<\/h6>\t\t\t\t\t\t<\/div>\n\t\t\t\t\t\t\t\t\t\t\t\t\t<div class=\"accordion-icons\">\n\t\t\t\t\t\t\t\t<span\n\t\t\t\t\t\t\t\t\tclass=\"accordion-icon opened-icon\"><i class=\"fal fa-plus\"><\/i><\/span>\n\t\t\t\t\t\t\t\t<span\n\t\t\t\t\t\t\t\t\tclass=\"accordion-icon closed-icon\"><i class=\"fal fa-minus\"><\/i><\/span>\n\t\t\t\t\t\t\t<\/div>\n\t\t\t\t\t\t\t\t\t\t\t<\/div>\n\t\t\t\t\t<div class=\"accordion-content\">\n\t\t\t\t\t\t<div class=\"sube_detail\" style=\"display: block;\"><p><i class=\"fal fa-map-marker-alt\" aria-hidden=\"true\"><\/i>\u00a0Ayd\u0131ntepe Mah. Dr. Sad\u0131k Ahmet Cad. No:3 Tuzla,\u0130stanbul<\/p><p><a href=\"tel:4442811\"><i class=\"fal fa-phone\" aria-hidden=\"true\"><\/i>444 28 11<\/a><\/p><p><a href=\"mailto:info@onallarinsaat.com.tr\"><i class=\"fal fa-envelope\" aria-hidden=\"true\"><\/i>istanbul.satis@onallarinsaat.com.tr<\/a><\/p><\/div>\t\t\t\t\t<\/div>\n\t\t\t\t<\/div>\n\t\t\t\t\t<\/div>\n\t\t\t\t<\/div>\n\t\t\t\t<\/div>\n\t\t\t\t\t<\/div>\n\t\t<\/div>\n\t\t\t\t<div class=\"elementor-column elementor-col-50 elementor-top-column elementor-element elementor-element-f4988f1\" data-id=\"f4988f1\" data-element_type=\"column\">\n\t\t\t<div class=\"elementor-widget-wrap elementor-element-populated\">\n\t\t\t\t\t\t\t\t<div class=\"elementor-element elementor-element-0cc7ae0 elementor-widget elementor-widget-shortcode\" data-id=\"0cc7ae0\" data-element_type=\"widget\" data-widget_type=\"shortcode.default\">\n\t\t\t\t<div class=\"elementor-widget-container\">\n\t\t\t\t\t<div class=\"elementor-shortcode\"><iframe src=\"https:\/\/www.google.com\/maps\/embed?pb=!1m14!1m8!1m3!1d12059.809573865194!2d38.3832094!3d40.9167897!3m2!1i1024!2i768!4f13.1!3m3!1m2!1s0x0%3A0x38087264f590f92e!2zw5ZuYWxsYXIgxLBuxZ9hYXQ!5e0!3m2!1str!2str!4v1674479188504!5m2!1str!2str\" width=\"600\" height=\"420\" style=\"border:0;\" allowfullscreen=\"\" loading=\"lazy\" referrerpolicy=\"no-referrer-when-downgrade\"><\/iframe><\/div>\n\t\t\t\t<\/div>\n\t\t\t\t<\/div>\n\t\t\t\t\t<\/div>\n\t\t<\/div>\n\t\t\t\t\t\t\t<\/div>\n\t\t<\/section>\n\t\t\t\t<section class=\"elementor-section elementor-top-section elementor-element elementor-element-c047a4e elementor-section-stretched elementor-section-boxed elementor-section-height-default elementor-section-height-default\" data-id=\"c047a4e\" data-element_type=\"section\" data-settings=\"{&quot;background_background&quot;:&quot;classic&quot;,&quot;stretch_section&quot;:&quot;section-stretched&quot;}\">\n\t\t\t\t\t\t<div class=\"elementor-container elementor-column-gap-no\">\n\t\t\t\t\t<div class=\"elementor-column elementor-col-100 elementor-top-column elementor-element elementor-element-7c1d90a\" data-id=\"7c1d90a\" data-element_type=\"column\" data-settings=\"{&quot;background_background&quot;:&quot;classic&quot;}\">\n\t\t\t<div class=\"elementor-widget-wrap elementor-element-populated\">\n\t\t\t\t\t\t\t\t<div class=\"elementor-element elementor-element-bf2c2a0 elementor-widget elementor-widget-yolo_title\" data-id=\"bf2c2a0\" data-element_type=\"widget\" data-widget_type=\"yolo_title.default\">\n\t\t\t\t<div class=\"elementor-widget-container\">\n\t\t\t        <div class=\"yolo-modern-heading\">\n            \n            \n                    <div class=\"heading-primary-wrap\">\n            <h3 class=\"heading-primary elementor-heading-title\">Contact You<\/h3>        <\/div>\n        \n                    <\/div>\n        \t\t<\/div>\n\t\t\t\t<\/div>\n\t\t\t\t<div class=\"elementor-element elementor-element-db543e3 elementor-widget elementor-widget-shortcode\" data-id=\"db543e3\" data-element_type=\"widget\" data-widget_type=\"shortcode.default\">\n\t\t\t\t<div class=\"elementor-widget-container\">\n\t\t\t\t\t<div class=\"elementor-shortcode\"><div class='fluentform fluentform_wrapper_1'><form data-form_id=\"1\" id=\"fluentform_1\" class=\"frm-fluent-form fluent_form_1 ff-el-form-top ff_form_instance_1_1 ff-form-loading\" data-form_instance=\"ff_form_instance_1_1\" method=\"POST\" ><fieldset style=\"border: none!important;margin: 0!important;padding: 0!important;background-color: transparent!important;\n                                 box-shadow: none!important;outline: none!important;\">\n                    <legend class=\"ff_screen_reader_title\" style=\"margin: 0!important;padding: 0!important;height: 0!important;text-indent: -999999px;width: 0!important;\">anasayfa-form<\/legend><input type='hidden' name='__fluent_form_embded_post_id' value='6899' \/><input type=\"hidden\" id=\"_fluentform_1_fluentformnonce\" name=\"_fluentform_1_fluentformnonce\" value=\"49c469811f\" \/><input type=\"hidden\" name=\"_wp_http_referer\" value=\"\/en\/wp-json\/wp\/v2\/pages\/6899\" \/><div data-type=\"name-element\" data-name=\"names\" class=\" ff-field_container ff-name-field-wrapper\" ><div class='ff-t-container'><div class='ff-t-cell '><div class='ff-el-group  ff-el-form-hide_label'><div class=\"ff-el-input--label ff-el-is-required asterisk-right\"><label for='ff_1_names_first_name_' aria-label=\"Name\">Name<\/label> <\/div><div class='ff-el-input--content'><input type=\"text\" name=\"names[first_name]\" id=\"ff_1_names_first_name_\" class=\"ff-el-form-control\" placeholder=\"Name\" aria-invalid=\"false\" aria-required=false><\/div><\/div><\/div><div class='ff-t-cell '><div class='ff-el-group  ff-el-form-hide_label'><div class=\"ff-el-input--label asterisk-right\"><label for='ff_1_names_last_name_' aria-label=\"Surname\">Surname<\/label> <\/div><div class='ff-el-input--content'><input type=\"text\" name=\"names[last_name]\" id=\"ff_1_names_last_name_\" class=\"ff-el-form-control\" placeholder=\"Surname\" aria-invalid=\"false\" aria-required=false><\/div><\/div><\/div><\/div><\/div><div data-name=\"ff_cn_id_1\"  class='ff-t-container ff-column-container ff_columns_total_2  '><div class='ff-t-cell ff-t-column-1' style='flex-basis: 50%;'><div class='ff-el-group ff-el-form-hide_label'><div class=\"ff-el-input--label ff-el-is-required asterisk-right\"><label for='ff_1_email' aria-label=\"Email\">Email<\/label> <\/div><div class='ff-el-input--content'><input type=\"email\" name=\"email\" id=\"ff_1_email\" class=\"ff-el-form-control\" placeholder=\"E-mail\" data-name=\"email\"  aria-invalid=\"false\" aria-required=true><\/div><\/div><\/div><div class='ff-t-cell ff-t-column-2' style='flex-basis: 50%;'><div class='ff-el-group ff-el-form-hide_label'><div class=\"ff-el-input--label ff-el-is-required asterisk-right\"><label for='ff_1_subject' aria-label=\"Phone\">Phone<\/label> <\/div><div class='ff-el-input--content'><input type=\"text\" name=\"subject\" class=\"ff-el-form-control\" placeholder=\"Phone\" data-name=\"subject\" id=\"ff_1_subject\"  aria-invalid=\"false\" aria-required=true><\/div><\/div><\/div><\/div><div class='ff-el-group ff-el-form-hide_label'><div class=\"ff-el-input--label ff-el-is-required asterisk-right\"><label for='ff_1_message' aria-label=\"Your Message\">Your Message<\/label> <\/div><div class='ff-el-input--content'><textarea aria-invalid=\"false\" aria-required=true name=\"message\" id=\"ff_1_message\" class=\"ff-el-form-control\" placeholder=\"Your Message\" rows=\"4\" cols=\"2\" data-name=\"message\" ><\/textarea><\/div><\/div><div class='ff-el-group    ff-el-input--content'><div class='ff-el-form-check ff-el-tc'><label aria-label='terms & conditions' class='ff-el-form-check-label ff_tc_label' for=terms-n-condition_31a8356b1fe325652a9d9098d2c8f12d><span class='ff_tc_checkbox'><input type=\"checkbox\" name=\"terms-n-condition\" class=\"ff-el-form-check-input\" data-name=\"terms-n-condition\" id=\"terms-n-condition_31a8356b1fe325652a9d9098d2c8f12d\"  value='on' aria-invalid='false' aria-required=false><\/span> <div class='ff_t_c'><p><span style=\"font-weight: 400\">In accordance with the <a href=\"https:\/\/www.onallarinsaat.com.tr\/en\/kvkk\/\" target=\"_blank\" rel=\"noopener\">Personal Data Protection Law<\/a>, I acknowledge that I have read and understood \u00d6nallar \u0130n\u015faat's privacy notice.<\/span><\/p><\/div><\/label><\/div><\/div><div class='ff-el-group ff-text-left ff_submit_btn_wrapper'><button type=\"submit\" class=\"ff-btn ff-btn-submit ff-btn-md ff_btn_style wpf_has_custom_css\" >Submit<\/button><\/div><\/fieldset><\/form><div id='fluentform_1_errors' class='ff-errors-in-stack ff_form_instance_1_1 ff-form-loading_errors ff_form_instance_1_1_errors'><\/div><\/div>        <script type=\"text\/javascript\">\n            window.fluent_form_ff_form_instance_1_1 = {\"id\":\"1\",\"settings\":{\"layout\":{\"labelPlacement\":\"top\",\"helpMessagePlacement\":\"with_label\",\"errorMessagePlacement\":\"inline\",\"cssClassName\":\"\",\"asteriskPlacement\":\"asterisk-right\"},\"restrictions\":{\"denyEmptySubmission\":{\"enabled\":false}}},\"form_instance\":\"ff_form_instance_1_1\",\"form_id_selector\":\"fluentform_1\",\"rules\":{\"names[first_name]\":{\"required\":{\"value\":true,\"message\":\"This field is required\"}},\"names[middle_name]\":{\"required\":{\"value\":false,\"message\":\"This field is required\"}},\"names[last_name]\":{\"required\":{\"value\":false,\"message\":\"This field is required\"}},\"email\":{\"required\":{\"value\":true,\"message\":\"This field is required\"},\"email\":{\"value\":true,\"message\":\"This field must contain a valid email\"}},\"subject\":{\"required\":{\"value\":true,\"message\":\"This field is required\"}},\"message\":{\"required\":{\"value\":true,\"message\":\"This field is required\"}},\"terms-n-condition\":{\"required\":{\"value\":false,\"message\":\"This field is required\"}}}};\n                    <\/script>\n        <\/div>\n\t\t\t\t<\/div>\n\t\t\t\t<\/div>\n\t\t\t\t\t<\/div>\n\t\t<\/div>\n\t\t\t\t\t\t\t<\/div>\n\t\t<\/section>\n\t\t\t\t<section class=\"elementor-section elementor-top-section elementor-element elementor-element-b2a9268 elementor-hidden-desktop elementor-hidden-tablet elementor-hidden-mobile elementor-section-boxed elementor-section-height-default elementor-section-height-default\" data-id=\"b2a9268\" data-element_type=\"section\">\n\t\t\t\t\t\t<div class=\"elementor-container elementor-column-gap-default\">\n\t\t\t\t\t<div class=\"elementor-column elementor-col-100 elementor-top-column elementor-element elementor-element-15c5cdf\" data-id=\"15c5cdf\" data-element_type=\"column\">\n\t\t\t<div class=\"elementor-widget-wrap elementor-element-populated\">\n\t\t\t\t\t\t\t\t<div class=\"elementor-element elementor-element-8e38c41 tayta-accordion-style-01 elementor-widget elementor-widget-yolo-accordion\" data-id=\"8e38c41\" data-element_type=\"widget\" data-settings=\"{&quot;active_first_item&quot;:&quot;1&quot;}\" data-widget_type=\"yolo-accordion.default\">\n\t\t\t\t<div class=\"elementor-widget-container\">\n\t\t\t\t\t<div class=\"tayta-accordion\">\n\t\t\t\t\t\t\t<div class=\"accordion-section active\">\n\t\t\t\t\t<div class=\"accordion-header\">\n\t\t\t\t\t\t<div class=\"accordion-title-wrapper\">\n\t\t\t\t\t\t\t<h6 class=\"accordion-title\">Merkez Giresun Sat\u0131\u015f Ofisi<\/h6>\t\t\t\t\t\t<\/div>\n\t\t\t\t\t\t\t\t\t\t\t\t\t<div class=\"accordion-icons\">\n\t\t\t\t\t\t\t\t<span\n\t\t\t\t\t\t\t\t\tclass=\"accordion-icon opened-icon\"><i class=\"fal fa-plus\"><\/i><\/span>\n\t\t\t\t\t\t\t\t<span\n\t\t\t\t\t\t\t\t\tclass=\"accordion-icon closed-icon\"><i class=\"fal fa-minus\"><\/i><\/span>\n\t\t\t\t\t\t\t<\/div>\n\t\t\t\t\t\t\t\t\t\t\t<\/div>\n\t\t\t\t\t<div class=\"accordion-content\">\n\t\t\t\t\t\t<table><tbody><tr><td style=\"margin-right: 20px;\"><span style=\"font-size: 14pt;\">Hac\u0131 Miktat Mah. Alparslan Cad.<\/span><br \/><span style=\"font-size: 14pt;\">\u00c7ayano\u011flu \u0130\u015f Han\u0131 No:19 Kat:4 Merkez, Giresun<\/span><p><span style=\"font-size: 14pt;\"><a href=\"tel:4442811\"><i class=\"fal fa-phone\" aria-hidden=\"true\"><\/i>444 28 11<\/a><\/span><\/p><p><span style=\"font-size: 14pt;\"><a href=\"mailto:info@onallarinsaat.com.tr\"><i class=\"fal fa-envelope\" aria-hidden=\"true\"><\/i>info@onallarinsaat.com.tr<\/a><\/span><\/p><\/td><td><iframe loading=\"lazy\" style=\"border: 0;\" src=\"https:\/\/www.google.com\/maps\/embed?pb=!1m14!1m8!1m3!1d12059.809573865194!2d38.3832094!3d40.9167897!3m2!1i1024!2i768!4f13.1!3m3!1m2!1s0x0%3A0x38087264f590f92e!2zw5ZuYWxsYXIgxLBuxZ9hYXQ!5e0!3m2!1str!2str!4v1674479188504!5m2!1str!2str\" width=\"600\" height=\"420\" allowfullscreen=\"allowfullscreen\"><\/iframe><\/td><\/tr><\/tbody><\/table>\t\t\t\t\t<\/div>\n\t\t\t\t<\/div>\n\t\t\t\t\t\t\t<div class=\"accordion-section\">\n\t\t\t\t\t<div class=\"accordion-header\">\n\t\t\t\t\t\t<div class=\"accordion-title-wrapper\">\n\t\t\t\t\t\t\t<h6 class=\"accordion-title\">Espiye Sat\u0131\u015f Ofisi<\/h6>\t\t\t\t\t\t<\/div>\n\t\t\t\t\t\t\t\t\t\t\t\t\t<div class=\"accordion-icons\">\n\t\t\t\t\t\t\t\t<span\n\t\t\t\t\t\t\t\t\tclass=\"accordion-icon opened-icon\"><i class=\"fal fa-plus\"><\/i><\/span>\n\t\t\t\t\t\t\t\t<span\n\t\t\t\t\t\t\t\t\tclass=\"accordion-icon closed-icon\"><i class=\"fal fa-minus\"><\/i><\/span>\n\t\t\t\t\t\t\t<\/div>\n\t\t\t\t\t\t\t\t\t\t\t<\/div>\n\t\t\t\t\t<div class=\"accordion-content\">\n\t\t\t\t\t\t<div class=\"sube_detail\" style=\"display: block;\"><p><i class=\"fal fa-map-marker-alt\" aria-hidden=\"true\"><\/i>\u00a0Merkez Mah. Gazi M.Kemal Cad. No:109 Espiye,Giresun<\/p><p><a href=\"tel:4442811\"><i class=\"fal fa-phone\" aria-hidden=\"true\"><\/i>444 28 11<\/a><\/p><p><a href=\"mailto:info@onallarinsaat.com.tr\"><i class=\"fal fa-envelope\" aria-hidden=\"true\"><\/i>espiye.satis@onallarinsaat.com.tr<\/a><\/p><\/div>\t\t\t\t\t<\/div>\n\t\t\t\t<\/div>\n\t\t\t\t\t\t\t<div class=\"accordion-section\">\n\t\t\t\t\t<div class=\"accordion-header\">\n\t\t\t\t\t\t<div class=\"accordion-title-wrapper\">\n\t\t\t\t\t\t\t<h6 class=\"accordion-title\">Bodrum Sat\u0131\u015f Ofisi<\/h6>\t\t\t\t\t\t<\/div>\n\t\t\t\t\t\t\t\t\t\t\t\t\t<div class=\"accordion-icons\">\n\t\t\t\t\t\t\t\t<span\n\t\t\t\t\t\t\t\t\tclass=\"accordion-icon opened-icon\"><i class=\"fal fa-plus\"><\/i><\/span>\n\t\t\t\t\t\t\t\t<span\n\t\t\t\t\t\t\t\t\tclass=\"accordion-icon closed-icon\"><i class=\"fal fa-minus\"><\/i><\/span>\n\t\t\t\t\t\t\t<\/div>\n\t\t\t\t\t\t\t\t\t\t\t<\/div>\n\t\t\t\t\t<div class=\"accordion-content\">\n\t\t\t\t\t\t<div class=\"sube_detail\" style=\"display: block;\"><p><i class=\"fal fa-map-marker-alt\" aria-hidden=\"true\"><\/i>\u00a0M\u00fcskebi Mah. Kapuz Cad. No:17\/1 Ortakent,Bodrum,Mu\u011fla<\/p><p><a href=\"tel:4442811\"><i class=\"fal fa-phone\" aria-hidden=\"true\"><\/i>444 28 11<\/a><\/p><p><a href=\"mailto:info@onallarinsaat.com.tr\"><i class=\"fal fa-envelope\" aria-hidden=\"true\"><\/i>bodrum.satis@onallarinsaat.com.tr<\/a><\/p><\/div>\t\t\t\t\t<\/div>\n\t\t\t\t<\/div>\n\t\t\t\t\t\t\t<div class=\"accordion-section\">\n\t\t\t\t\t<div class=\"accordion-header\">\n\t\t\t\t\t\t<div class=\"accordion-title-wrapper\">\n\t\t\t\t\t\t\t<h6 class=\"accordion-title\">\u0130stanbul Sat\u0131\u015f Ofisi<\/h6>\t\t\t\t\t\t<\/div>\n\t\t\t\t\t\t\t\t\t\t\t\t\t<div class=\"accordion-icons\">\n\t\t\t\t\t\t\t\t<span\n\t\t\t\t\t\t\t\t\tclass=\"accordion-icon opened-icon\"><i class=\"fal fa-plus\"><\/i><\/span>\n\t\t\t\t\t\t\t\t<span\n\t\t\t\t\t\t\t\t\tclass=\"accordion-icon closed-icon\"><i class=\"fal fa-minus\"><\/i><\/span>\n\t\t\t\t\t\t\t<\/div>\n\t\t\t\t\t\t\t\t\t\t\t<\/div>\n\t\t\t\t\t<div class=\"accordion-content\">\n\t\t\t\t\t\t<div class=\"sube_detail\" style=\"display: block;\"><p><i class=\"fal fa-map-marker-alt\" aria-hidden=\"true\"><\/i>\u00a0Ayd\u0131ntepe Mah. Dr. Sad\u0131k Ahmet Cad. No:3 Tuzla,\u0130stanbul<\/p><p><a href=\"tel:4442811\"><i class=\"fal fa-phone\" aria-hidden=\"true\"><\/i>444 28 11<\/a><\/p><p><a href=\"mailto:info@onallarinsaat.com.tr\"><i class=\"fal fa-envelope\" aria-hidden=\"true\"><\/i>istanbul.satis@onallarinsaat.com.tr<\/a><\/p><\/div>\t\t\t\t\t<\/div>\n\t\t\t\t<\/div>\n\t\t\t\t\t<\/div>\n\t\t\t\t<\/div>\n\t\t\t\t<\/div>\n\t\t\t\t\t<\/div>\n\t\t<\/div>\n\t\t\t\t\t\t\t<\/div>\n\t\t<\/section>\n\t\t\t\t\t\t\t<\/div>\n\t\t","protected":false},"excerpt":{"rendered":"<p>Headquarters Giresun Sales Office Hac\u0131 Miktat Mah. Alparslan Cad. \u00c7ayano\u011flu \u0130\u015f Han\u0131 No:19 Kat:4 Merkez, Giresun 444 28 11 info@onallarinsaat.com.tr Espiye Sales Office Merkez Mah. Gazi M.Kemal Cad. No:109 Espiye,Giresun 444 28 11 espiye.satis@onallarinsaat.com.tr Bodrum Sales Office M\u00fcskebi Mah. Kapuz Cad. No:17\/1 Ortakent,Bodrum,Mu\u011fla 444 28 11 bodrum.satis@onallarinsaat.com.tr \u0130stanbul Sales Office Ayd\u0131ntepe Mah. Dr. Sad\u0131k Ahmet Cad. No:3 Tuzla,\u0130stanbul 444 28 11 istanbul.satis@onallarinsaat.com.tr Contact You Merkez Giresun Sat\u0131\u015f Ofisi Hac\u0131 Miktat Mah. Alparslan Cad. \u00c7ayano\u011flu \u0130\u015f Han\u0131 No:19 Kat:4 Merkez, Giresun 444 28 11 info@onallarinsaat.com.tr Espiye Sat\u0131\u015f Ofisi Merkez Mah. Gazi M.Kemal Cad. No:109 Espiye,Giresun 444 28 11 espiye.satis@onallarinsaat.com.tr Bodrum Sat\u0131\u015f Ofisi M\u00fcskebi Mah. Kapuz Cad. No:17\/1 Ortakent,Bodrum,Mu\u011fla 444 28 11 bodrum.satis@onallarinsaat.com.tr \u0130stanbul Sat\u0131\u015f Ofisi Ayd\u0131ntepe Mah. Dr. Sad\u0131k Ahmet Cad. No:3 Tuzla,\u0130stanbul 444 28 11 istanbul.satis@onallarinsaat.com.tr<\/p>\n","protected":false},"author":1,"featured_media":0,"parent":0,"menu_order":0,"comment_status":"closed","ping_status":"closed","template":"","meta":{"inline_featured_image":false},"_links":{"self":[{"href":"https:\/\/www.onallarinsaat.com.tr\/en\/wp-json\/wp\/v2\/pages\/6899"}],"collection":[{"href":"https:\/\/www.onallarinsaat.com.tr\/en\/wp-json\/wp\/v2\/pages"}],"about":[{"href":"https:\/\/www.onallarinsaat.com.tr\/en\/wp-json\/wp\/v2\/types\/page"}],"author":[{"embeddable":true,"href":"https:\/\/www.onallarinsaat.com.tr\/en\/wp-json\/wp\/v2\/users\/1"}],"replies":[{"embeddable":true,"href":"https:\/\/www.onallarinsaat.com.tr\/en\/wp-json\/wp\/v2\/comments?post=6899"}],"version-history":[{"count":7,"href":"https:\/\/www.onallarinsaat.com.tr\/en\/wp-json\/wp\/v2\/pages\/6899\/revisions"}],"predecessor-version":[{"id":8496,"href":"https:\/\/www.onallarinsaat.com.tr\/en\/wp-json\/wp\/v2\/pages\/6899\/revisions\/8496"}],"wp:attachment":[{"href":"https:\/\/www.onallarinsaat.com.tr\/en\/wp-json\/wp\/v2\/media?parent=6899"}],"curies":[{"name":"wp","href":"https:\/\/api.w.org\/{rel}","templated":true}]}}