{"id":7164,"date":"2023-02-03T09:01:48","date_gmt":"2023-02-03T09:01:48","guid":{"rendered":"https:\/\/www.onallarinsaat.com.tr\/en\/?page_id=7164"},"modified":"2023-03-17T14:04:50","modified_gmt":"2023-03-17T14:04:50","slug":"misyon-vizyon","status":"publish","type":"page","link":"https:\/\/www.onallarinsaat.com.tr\/en\/mission-vision\/","title":{"rendered":"Mission &#038; Vision"},"content":{"rendered":"\t\t<div data-elementor-type=\"wp-page\" data-elementor-id=\"7164\" class=\"elementor elementor-7164\">\n\t\t\t\t\t\t\t\t\t<section class=\"elementor-section elementor-top-section elementor-element elementor-element-296e5f2 elementor-section-content-middle elementor-reverse-tablet elementor-reverse-mobile elementor-section-boxed elementor-section-height-default elementor-section-height-default\" data-id=\"296e5f2\" data-element_type=\"section\">\n\t\t\t\t\t\t<div class=\"elementor-container elementor-column-gap-default\">\n\t\t\t\t\t<div class=\"elementor-column elementor-col-50 elementor-top-column elementor-element elementor-element-12c1595\" data-id=\"12c1595\" data-element_type=\"column\">\n\t\t\t<div class=\"elementor-widget-wrap elementor-element-populated\">\n\t\t\t\t\t\t\t\t<div class=\"elementor-element elementor-element-528bc34 elementor-widget elementor-widget-image\" data-id=\"528bc34\" data-element_type=\"widget\" data-widget_type=\"image.default\">\n\t\t\t\t<div class=\"elementor-widget-container\">\n\t\t\t<style>\/*! elementor - v3.9.2 - 21-12-2022 *\/\n.elementor-widget-image{text-align:center}.elementor-widget-image a{display:inline-block}.elementor-widget-image a img[src$=\".svg\"]{width:48px}.elementor-widget-image img{vertical-align:middle;display:inline-block}<\/style>\t\t\t\t\t\t\t\t\t\t\t\t<img decoding=\"async\" width=\"658\" height=\"538\" src=\"https:\/\/www.onallarinsaat.com.tr\/en\/wp-content\/uploads\/2023\/01\/misyon.png\" class=\"attachment-full size-full wp-image-6798\" alt=\"\" loading=\"lazy\" srcset=\"https:\/\/www.onallarinsaat.com.tr\/en\/wp-content\/uploads\/2023\/01\/misyon.png 658w, https:\/\/www.onallarinsaat.com.tr\/en\/wp-content\/uploads\/2023\/01\/misyon-300x245.png 300w\" sizes=\"(max-width: 658px) 100vw, 658px\" \/>\t\t\t\t\t\t\t\t\t\t\t\t\t\t\t<\/div>\n\t\t\t\t<\/div>\n\t\t\t\t\t<\/div>\n\t\t<\/div>\n\t\t\t\t<div class=\"elementor-column elementor-col-50 elementor-top-column elementor-element elementor-element-d0b40bc\" data-id=\"d0b40bc\" data-element_type=\"column\">\n\t\t\t<div class=\"elementor-widget-wrap elementor-element-populated\">\n\t\t\t\t\t\t\t\t<div class=\"elementor-element elementor-element-25a4f23 elementor-widget elementor-widget-yolo_title\" data-id=\"25a4f23\" data-element_type=\"widget\" data-widget_type=\"yolo_title.default\">\n\t\t\t\t<div class=\"elementor-widget-container\">\n\t\t\t        <div class=\"yolo-modern-heading\">\n            \n            \n                    <div class=\"heading-primary-wrap\">\n            <h2 class=\"heading-primary elementor-heading-title\">Mission & Vision\n<\/h2>        <\/div>\n        \n                    <div class=\"heading-description-wrap\">\n            <div class=\"heading-description\">\n                <p>\u00a0<\/p><p><span style=\"font-weight: 400\">Since its beginning, \u00d6nallar \u0130n\u015faat has implemented many medium and large-scale projects per its beliefs and goals. It aims to create projects that are of high quality, safe, enjoyable to live in, and exemplary, and to add permanent value to society in each project.<\/span><\/p>            <\/div>\n        <\/div>\n            <\/div>\n        \t\t<\/div>\n\t\t\t\t<\/div>\n\t\t\t\t\t<\/div>\n\t\t<\/div>\n\t\t\t\t\t\t\t<\/div>\n\t\t<\/section>\n\t\t\t\t<section class=\"elementor-section elementor-top-section elementor-element elementor-element-6382fe9 elementor-section-boxed elementor-section-height-default elementor-section-height-default\" data-id=\"6382fe9\" data-element_type=\"section\">\n\t\t\t\t\t\t<div class=\"elementor-container elementor-column-gap-default\">\n\t\t\t\t\t<div class=\"elementor-column elementor-col-100 elementor-top-column elementor-element elementor-element-9b02747\" data-id=\"9b02747\" data-element_type=\"column\">\n\t\t\t<div class=\"elementor-widget-wrap elementor-element-populated\">\n\t\t\t\t\t\t\t\t<div class=\"elementor-element elementor-element-ce41ad6 elementor-widget elementor-widget-yolo_title\" data-id=\"ce41ad6\" data-element_type=\"widget\" data-widget_type=\"yolo_title.default\">\n\t\t\t\t<div class=\"elementor-widget-container\">\n\t\t\t        <div class=\"yolo-modern-heading\">\n            \n            \n            \n                    <div class=\"heading-description-wrap\">\n            <div class=\"heading-description\">\n                <p><span style=\"font-weight: 400\">In line with its goal of providing quality living, \u00d6nallar \u0130n\u015faat has made it a principle to use modern management techniques while producing housing, add value to every place it constructs, choose quality-certified materials and craftsmanship, and complete its projects on time.<\/span><\/p><p><span style=\"font-weight: 400\">In all of our projects, we strive to create structures that reflect a modern architectural approach, where people can live happily, and ensure that all structures are environmentally respectful, reliable, and comply with legal requirements.<\/span><\/p><p><span style=\"font-weight: 400\">In all of our projects, we strive to create structures that reflect a modern architectural approach, where people can live happily, and ensure that all structures are environmentally respectful, reliable, and comply with legal requirements.<\/span><\/p>            <\/div>\n        <\/div>\n            <\/div>\n        \t\t<\/div>\n\t\t\t\t<\/div>\n\t\t\t\t<div class=\"elementor-element elementor-element-63546d8 elementor-widget elementor-widget-text-editor\" data-id=\"63546d8\" data-element_type=\"widget\" data-widget_type=\"text-editor.default\">\n\t\t\t\t<div class=\"elementor-widget-container\">\n\t\t\t<style>\/*! elementor - v3.9.2 - 21-12-2022 *\/\n.elementor-widget-text-editor.elementor-drop-cap-view-stacked .elementor-drop-cap{background-color:#818a91;color:#fff}.elementor-widget-text-editor.elementor-drop-cap-view-framed .elementor-drop-cap{color:#818a91;border:3px solid;background-color:transparent}.elementor-widget-text-editor:not(.elementor-drop-cap-view-default) .elementor-drop-cap{margin-top:8px}.elementor-widget-text-editor:not(.elementor-drop-cap-view-default) .elementor-drop-cap-letter{width:1em;height:1em}.elementor-widget-text-editor .elementor-drop-cap{float:left;text-align:center;line-height:1;font-size:50px}.elementor-widget-text-editor .elementor-drop-cap-letter{display:inline-block}<\/style>\t\t\t\t\t\t\t\t\t\t<\/div>\n\t\t\t\t<\/div>\n\t\t\t\t\t<\/div>\n\t\t<\/div>\n\t\t\t\t\t\t\t<\/div>\n\t\t<\/section>\n\t\t\t\t\t\t\t<\/div>\n\t\t","protected":false},"excerpt":{"rendered":"<p>Mission &amp; Vision Since its beginning, \u00d6nallar \u0130n\u015faat has implemented many medium and large-scale projects per its beliefs and goals. It aims to create projects that are of high quality, safe, enjoyable to live in, and exemplary, and to add permanent value to society in each project. In line with its goal of providing quality living, \u00d6nallar \u0130n\u015faat has made it a principle to use modern management techniques while producing housing, add value to every place it constructs, choose quality-certified materials and craftsmanship, and complete its projects on time. In all of our projects, we strive to create structures that reflect a modern architectural approach, where people can live happily, and ensure that all structures are environmentally respectful, reliable, and comply with legal requirements. In all of our projects, we strive to create structures that reflect a modern architectural approach, where people can live happily, and ensure that all structures are environmentally respectful, reliable, and comply with legal requirements.<\/p>\n","protected":false},"author":1,"featured_media":0,"parent":0,"menu_order":0,"comment_status":"closed","ping_status":"closed","template":"","meta":{"inline_featured_image":false},"_links":{"self":[{"href":"https:\/\/www.onallarinsaat.com.tr\/en\/wp-json\/wp\/v2\/pages\/7164"}],"collection":[{"href":"https:\/\/www.onallarinsaat.com.tr\/en\/wp-json\/wp\/v2\/pages"}],"about":[{"href":"https:\/\/www.onallarinsaat.com.tr\/en\/wp-json\/wp\/v2\/types\/page"}],"author":[{"embeddable":true,"href":"https:\/\/www.onallarinsaat.com.tr\/en\/wp-json\/wp\/v2\/users\/1"}],"replies":[{"embeddable":true,"href":"https:\/\/www.onallarinsaat.com.tr\/en\/wp-json\/wp\/v2\/comments?post=7164"}],"version-history":[{"count":7,"href":"https:\/\/www.onallarinsaat.com.tr\/en\/wp-json\/wp\/v2\/pages\/7164\/revisions"}],"predecessor-version":[{"id":8464,"href":"https:\/\/www.onallarinsaat.com.tr\/en\/wp-json\/wp\/v2\/pages\/7164\/revisions\/8464"}],"wp:attachment":[{"href":"https:\/\/www.onallarinsaat.com.tr\/en\/wp-json\/wp\/v2\/media?parent=7164"}],"curies":[{"name":"wp","href":"https:\/\/api.w.org\/{rel}","templated":true}]}}